{"id":16962,"date":"2019-10-16T14:09:28","date_gmt":"2019-10-16T12:09:28","guid":{"rendered":"https:\/\/tuereselcambio.es\/aviso-legal\/"},"modified":"2019-12-02T16:16:13","modified_gmt":"2019-12-02T15:16:13","slug":"avis-legal","status":"publish","type":"page","link":"https:\/\/tuereselcambio.es\/ca\/avis-legal\/","title":{"rendered":"Av\u00eds legal"},"content":{"rendered":"<div class=\"wpb-content-wrapper\"><p>[vc_row css_animation=&#8221;&#8221; row_type=&#8221;row&#8221; use_row_as_full_screen_section=&#8221;no&#8221; type=&#8221;grid&#8221; angled_section=&#8221;no&#8221; text_align=&#8221;left&#8221; background_image_as_pattern=&#8221;without_pattern&#8221; z_index=&#8221;&#8221; padding_top=&#8221;50&#8243; padding_bottom=&#8221;50&#8243;][vc_column][vc_column_text]<\/p>\n<div class=\"twelve columns mb45\">\n<div class=\"gdl-page-content\">\n<h4><strong>OBJECTE<\/strong><\/h4>\n<p>El present av\u00eds legal regula l&#8217;\u00fas i utilitzaci\u00f3 del lloc web \u2013 http:\/\/www.tuereselcambio.es del qual \u00e9s titular GEMMA ANFRONS BALAT (d&#8217;ara endavant, EL PROPIETARI DE LA WEB).<br \/>\nLa navegaci\u00f3 pel lloc web del PROPIETARI DE LA WEB li atribueix la condici\u00f3 d&#8217;USUARI del mateix i comporta la seva acceptaci\u00f3 plena i sense reserves de totes i cadascuna de les condicions publicades en aquest av\u00eds legal, advertint que aquestes condicions podran ser modificades sense notificaci\u00f3 pr\u00e8via per part del PROPIETARI DE LA WEB, i en aquest cas es procedir\u00e0 a la seva publicaci\u00f3 i av\u00eds amb la m\u00e0xima antelaci\u00f3 possible.<br \/>\nPer aix\u00f2 \u00e9s recomanable llegir atentament el seu contingut en cas de desitjar accedir i fer \u00fas de la informaci\u00f3 i dels serveis oferts des d&#8217;aquest lloc web.<br \/>\nL&#8217;usuari a m\u00e9s, s&#8217;obliga a fer un \u00fas correcte del lloc web de conformitat amb les lleis, la bona fe, l&#8217;ordre p\u00fablic, els usos del tr\u00e0nsit i el present Av\u00eds Legal, i respondr\u00e0 enfront del PROPIETARI DE LA WEB o enfront de tercers, de qualssevol danys i perjudicis que poguessin causar-se com a conseq\u00fc\u00e8ncia de l&#8217;incompliment d&#8217;aquesta obligaci\u00f3.<br \/>\nQualsevol utilitzaci\u00f3 diferent a l&#8217;autoritzada est\u00e0 expressament prohibida, podent EL PROPIETARI DE LA WEB denegar o retirar l&#8217;acc\u00e9s i el seu \u00fas en qualsevol moment.<\/p>\n<p>&nbsp;<\/p>\n<h4><strong>IDENTIFICACI\u00d3<\/strong><\/h4>\n<p>EL PROPIETARI DE LA WEB, en compliment de la Llei 34\/2002, d&#8217;11 de juliol, de Serveis de la Societat de la Informaci\u00f3 i de Comer\u00e7 Electr\u00f2nic, l&#8217;informa que:<\/p>\n<ul>\n<li>El titular d&#8217;aquest lloc web \u00e9s: GEMMA ANFRONS BALAT<\/li>\n<li>El seu NIF \u00e9s: 45538939C<\/li>\n<\/ul>\n<p>&nbsp;<\/p>\n<h4><strong>COMUNICACIONS<\/strong><\/h4>\n<p>Per a comunicar-se amb nosaltres, posem a la seva disposici\u00f3 diferents mitjans de contacte que detallem a continuaci\u00f3:<\/p>\n<ul>\n<li>Tel\u00e8fon: 685 853 360<\/li>\n<li>Correu electr\u00f2nic: info@tuereselcambio.es<\/li>\n<\/ul>\n<p>Totes les notificacions i comunicacions entre els usuaris i EL PROPIETARI DE LA WEB es consideraran eficaces, amb car\u00e0cter general, quan es realitzin a trav\u00e9s de qualsevol mitj\u00e0 dels detallats anteriorment.<\/p>\n<p>&nbsp;<\/p>\n<h4><strong>CONDICIONS D&#8217;ACC\u00c9S I UTILITZACI\u00d3<\/strong><\/h4>\n<p>El lloc web i els seus serveis s\u00f3n d&#8217;acc\u00e9s lliure i gratu\u00eft. No obstant aix\u00f2, EL PROPIETARI DE LA WEB pot condicionar la utilitzaci\u00f3 d&#8217;alguns dels serveis oferts en el seu web al previ emplenament del corresponent formulari.<br \/>\nL&#8217;usuari garanteix l&#8217;autenticitat i actualitat de totes aquelles dades que comuniqui al PROPIETARI DE LA WEB i ser\u00e0 l&#8217;\u00fanic responsable de les manifestacions falses o inexactes que realitzi.<br \/>\nL&#8217;usuari es compromet expressament a fer un \u00fas adequat dels continguts i serveis del PROPIETARI DE LA WEB i a no emprar-los per a, entre altres:<\/p>\n<ul>\n<li>Difondre continguts delictius, violents, pornogr\u00e0fics, racistes, xen\u00f2fobs, ofensius, d&#8217;apologia del terrorisme o, en general, contraris a la llei o a l&#8217;ordre p\u00fablic.<\/li>\n<li>Introduir en la xarxa virus inform\u00e0tics o realitzar actuacions susceptibles d&#8217;alterar, espatllar, interrompre o generar errors o danys en els documents electr\u00f2nics, dades o sistemes f\u00edsics i l\u00f2gics del PROPIETARI DE LA WEB o de terceres persones; aix\u00ed com obstaculitzar l&#8217;acc\u00e9s d&#8217;altres usuaris al lloc web i als seus serveis mitjan\u00e7ant el consum massiu dels recursos inform\u00e0tics a trav\u00e9s dels quals EL PROPIETARI DE LA WEB presta els seus serveis.<\/li>\n<li>Intentar accedir als comptes de correu electr\u00f2nic d&#8217;altres usuaris o a \u00e0rees restringides dels sistemes inform\u00e0tics del PROPIETARI DE LA WEB o de tercers i, si escau, extreure informaci\u00f3.<\/li>\n<li>Vulnerar els drets de propietat intel\u00b7lectual o industrial, aix\u00ed com violar la confidencialitat de la informaci\u00f3 del PROPIETARI DE LA WEB o de tercers.<\/li>\n<li>Suplantar la identitat de qualsevol altre usuari.<\/li>\n<li>Reproduir, copiar, distribuir, posar a la disposici\u00f3 de, o qualsevol altra forma de comunicaci\u00f3 p\u00fablica, transformar o modificar els continguts, tret que es compti amb l&#8217;autoritzaci\u00f3 del titular dels corresponents drets o aix\u00f2 resulti legalment perm\u00e8s.<\/li>\n<li>Recaptar dades amb finalitat publicit\u00e0ria i de remetre publicitat de qualsevol classe i comunicacions amb finalitats de venda o unes altres de naturalesa comercial sense que medi\u00ef la seva pr\u00e8via sol\u00b7licitud o consentiment.<\/li>\n<\/ul>\n<p>Tots els continguts del lloc web, com a textos, fotografies, gr\u00e0fics, imatges, icones, tecnologia, programari, aix\u00ed com el seu disseny gr\u00e0fic i codis font, constitueixen una obra la propietat de la qual pertany al PROPIETARI DE LA WEB, sense que puguin entendre&#8217;s cedits a l&#8217;usuari cap dels drets d&#8217;explotaci\u00f3 sobre els mateixos m\u00e9s enll\u00e0 de l&#8217;estrictament necessari per al correcte \u00fas de la web.<br \/>\nEn definitiva, els usuaris que accedeixin a aquest lloc web poden visualitzar els continguts i efectuar, si escau, c\u00f2pies privades autoritzades sempre que els elements reprodu\u00efts no siguin cedits posteriorment a tercers, ni s&#8217;instal\u00b7lin a servidors connectats a xarxes, ni siguin objecte de cap mena d&#8217;explotaci\u00f3.<br \/>\nAix\u00ed mateix, totes les marques, noms comercials o signes distintius de qualsevol classe que apareixen en el lloc web s\u00f3n propietat del PROPIETARI DE LA WEB, sense que pugui entendre&#8217;s que l&#8217;\u00fas o acc\u00e9s al mateix atribueixi a l&#8217;usuari dret algun sobre els mateixos.<br \/>\nLa distribuci\u00f3, modificaci\u00f3, cessi\u00f3 o comunicaci\u00f3 p\u00fablica dels continguts i qualsevol altre acte que no hagi estat expressament autoritzat pel titular dels drets d&#8217;explotaci\u00f3 queden prohibits.<br \/>\nL&#8217;establiment d&#8217;un hiperenlace no implica en cap cas l&#8217;exist\u00e8ncia de relacions entre EL PROPIETARI DE LA WEB i el propietari del lloc web en la qual s&#8217;estableixi, ni l&#8217;acceptaci\u00f3 i aprovaci\u00f3 per part del PROPIETARI DE LA WEB dels seus continguts o serveis.<br \/>\nEL PROPIETARI DE LA WEB no es responsabilitza de l&#8217;\u00fas que cada usuari li doni als materials posats a disposici\u00f3 en aquest lloc web ni de les actuacions que realitzi sobre la base d&#8217;aquests.<\/p>\n<p>&nbsp;<\/p>\n<h4><strong>EXCLUSI\u00d3 DE GARANTIES I DE RESPONSABILITAT EN L&#8217;ACC\u00c9S I LA UTILITZACI\u00d3<\/strong><\/h4>\n<p>El contingut del present lloc web \u00e9s de car\u00e0cter general i t\u00e9 una finalitat merament informativa, sense que es garanteixi plenament l&#8217;acc\u00e9s a tots els continguts, ni la seva exhaustivitat, correcci\u00f3, vig\u00e8ncia o actualitat, ni la seva idone\u00eftat o utilitat per a un objectiu espec\u00edfic.<br \/>\nEL PROPIETARI DE LA WEB exclou, fins on permet l&#8217;ordenament jur\u00eddic, qualsevol responsabilitat pels danys i perjudicis de tota naturalesa derivats de:<\/p>\n<ul>\n<li>La impossibilitat d&#8217;acc\u00e9s al lloc web o la falta de veracitat, exactitud, exhaustivitat i\/o actualitat dels continguts, aix\u00ed com l&#8217;exist\u00e8ncia de vicis i defectes de tota classe dels continguts transmesos, difosos, emmagatzemats, posats a disposici\u00f3, als quals s&#8217;hagi accedit a trav\u00e9s del lloc web o dels serveis que s&#8217;ofereixen.<\/li>\n<li>La pres\u00e8ncia de virus o d&#8217;altres elements en els continguts que puguin produir alteracions en els sistemes inform\u00e0tics, documents electr\u00f2nics o dades dels usuaris.<\/li>\n<li>L&#8217;incompliment de les lleis, la bona fe, l&#8217;ordre p\u00fablic, els usos del tr\u00e0nsit i el present av\u00eds legal com a conseq\u00fc\u00e8ncia de l&#8217;\u00fas incorrecte del lloc web. En particular, i a manera ejemplificativo, EL PROPIETARI DE LA WEB no es fa responsable de les actuacions de tercers que vulnerin drets de propietat intel\u00b7lectual i industrial, secrets empresarials, drets a l&#8217;honor, a la intimitat personal i familiar i a la pr\u00f2pia imatge, aix\u00ed com la normativa en mat\u00e8ria de compet\u00e8ncia deslleial i publicitat il\u00b7l\u00edcita.<\/li>\n<\/ul>\n<p>Aix\u00ed mateix, EL PROPIETARI DE LA WEB declina qualsevol responsabilitat respecte a la informaci\u00f3 que es trobi fora d&#8217;aquesta web i no sigui gestionada directament pel nostre webmaster. La funci\u00f3 dels links que apareixen en aquesta web \u00e9s exclusivament la d&#8217;informar l&#8217;usuari sobre l&#8217;exist\u00e8ncia d&#8217;altres fonts susceptibles d&#8217;ampliar els continguts que ofereix aquest lloc web. EL PROPIETARI DE LA WEB no garanteix ni es responsabilitza del funcionament o accessibilitat dels llocs enlla\u00e7ats; ni suggereix, convida o recomana la visita a aquests, per la qual cosa tampoc ser\u00e0 responsable del resultat obtingut. EL PROPIETARI DE LA WEB no es responsabilitza de l&#8217;establiment de hiperv\u00ednculos per part de tercers.<\/p>\n<p>&nbsp;<\/p>\n<h4><strong>PROCEDIMENT EN CAS DE REALITZACI\u00d3 D&#8217;ACTIVITATS DE CAR\u00c0CTER IL\u00b7L\u00cdCIT<\/strong><\/h4>\n<p>En el cas que qualsevol usuari o un tercer consideri que existeixen fets o circumst\u00e0ncies que revelin el car\u00e0cter il\u00b7l\u00edcit de la utilitzaci\u00f3 de qualsevol contingut i\/o de la realitzaci\u00f3 de qualsevol activitat en les p\u00e0gines web incloses o accessibles a trav\u00e9s del lloc web, haur\u00e0 d&#8217;enviar una notificaci\u00f3 al PROPIETARI DE LA WEB identificant-se degudament i especificant les suposades infraccions.<\/p>\n<p>&nbsp;<\/p>\n<h4><strong>PUBLICACIONS<\/strong><\/h4>\n<p>La informaci\u00f3 administrativa facilitada a trav\u00e9s del lloc web no substitueix la publicitat legal de les lleis, normatives, plans, disposicions generals i actes que hagin de ser publicats formalment als diaris oficials de les administracions p\u00fabliques, que constitueixen l&#8217;\u00fanic instrument que d\u00f3na fe de la seva autenticitat i contingut. La informaci\u00f3 disponible en aquest lloc web ha d&#8217;entendre&#8217;s com una guia sense prop\u00f2sit de validesa legal.<\/p>\n<p>&nbsp;<\/p>\n<h4><strong>LEGISLACI\u00d3 APLICABLE<\/strong><\/h4>\n<p>Les condicions presents es regiran per la legislaci\u00f3 espanyola vigent.<br \/>\nLa llengua utilitzada ser\u00e0 el Castell\u00e0.<\/p>\n<\/div>\n<\/div>\n<p>[\/vc_column_text][\/vc_column][\/vc_row][vc_row css_animation=&#8221;&#8221; row_type=&#8221;row&#8221; use_row_as_full_screen_section=&#8221;no&#8221; type=&#8221;grid&#8221; angled_section=&#8221;no&#8221; text_align=&#8221;left&#8221; background_image_as_pattern=&#8221;without_pattern&#8221; background_color=&#8221;#dd3333&#8243; z_index=&#8221;&#8221; el_class=&#8221;call-to-action-degradat&#8221;][vc_column][vc_row_inner row_type=&#8221;row&#8221; type=&#8221;full_width&#8221; text_align=&#8221;center&#8221; css_animation=&#8221;&#8221; padding=&#8221;5&#8243;][vc_column_inner width=&#8221;3\/4&#8243;][vc_separator type=&#8221;transparent&#8221; up=&#8221;46&#8243; down=&#8221;0&#8243;][vc_column_text]<\/p>\n<h4><span style=\"color: #ffffff;\">\u00bfNecesitas asesoramiento personalizado?<\/span><\/h4>\n<p>[\/vc_column_text][\/vc_column_inner][vc_column_inner width=&#8221;1\/4&#8243;][vc_separator type=&#8221;transparent&#8221; up=&#8221;38&#8243; down=&#8221;0&#8243;]<a  itemprop=\"url\" href=\"\/contacto\" target=\"_self\" data-hover-background-color=\"#f9f9f9\" data-hover-border-color=\"#f9f9f9\" data-hover-color=\"#000000\" class=\"qbutton  default\" style=\"color: #000000; border-color: #ffffff; background-color:#ffffff;\">CONTACTA CONMIGO<\/a>[vc_separator type=&#8221;transparent&#8221; up=&#8221;42&#8243; down=&#8221;0&#8243;][\/vc_column_inner][\/vc_row_inner][\/vc_column][\/vc_row]<\/p>\n<\/div>","protected":false},"excerpt":{"rendered":"<p>[vc_row css_animation=&#8221;&#8221; row_type=&#8221;row&#8221; use_row_as_full_screen_section=&#8221;no&#8221; type=&#8221;grid&#8221; angled_section=&#8221;no&#8221; text_align=&#8221;left&#8221; background_image_as_pattern=&#8221;without_pattern&#8221; z_index=&#8221;&#8221; padding_top=&#8221;50&#8243; padding_bottom=&#8221;50&#8243;][vc_column][vc_column_text] OBJECTE El present av\u00eds legal regula l&#8217;\u00fas i utilitzaci\u00f3 del lloc web \u2013 http:\/\/www.tuereselcambio.es del qual \u00e9s titular GEMMA ANFRONS BALAT (d&#8217;ara endavant, EL PROPIETARI DE LA WEB). La navegaci\u00f3 pel lloc web del&#8230;<\/p>\n","protected":false},"author":1,"featured_media":0,"parent":0,"menu_order":0,"comment_status":"open","ping_status":"open","template":"full_width.php","meta":{"_monsterinsights_skip_tracking":false,"_monsterinsights_sitenote_active":false,"_monsterinsights_sitenote_note":"","_monsterinsights_sitenote_category":0,"_uf_show_specific_survey":0,"_uf_disable_surveys":false,"_joinchat":[],"footnotes":""},"class_list":["post-16962","page","type-page","status-publish","hentry"],"yoast_head":"<!-- This site is optimized with the Yoast SEO plugin v27.4 - https:\/\/yoast.com\/product\/yoast-seo-wordpress\/ -->\n<title>Av\u00eds legal - Tu eres el cambio<\/title>\n<meta name=\"robots\" content=\"index, follow, max-snippet:-1, max-image-preview:large, max-video-preview:-1\" \/>\n<link rel=\"canonical\" href=\"https:\/\/tuereselcambio.es\/ca\/avis-legal\/\" \/>\n<meta property=\"og:locale\" content=\"ca_ES\" \/>\n<meta property=\"og:type\" content=\"article\" \/>\n<meta property=\"og:title\" content=\"Av\u00eds legal - Tu eres el cambio\" \/>\n<meta property=\"og:description\" content=\"[vc_row css_animation=&#8221;&#8221; row_type=&#8221;row&#8221; use_row_as_full_screen_section=&#8221;no&#8221; type=&#8221;grid&#8221; angled_section=&#8221;no&#8221; text_align=&#8221;left&#8221; background_image_as_pattern=&#8221;without_pattern&#8221; z_index=&#8221;&#8221; padding_top=&#8221;50&#8243; padding_bottom=&#8221;50&#8243;][vc_column][vc_column_text] OBJECTE El present av\u00eds legal regula l&#8217;\u00fas i utilitzaci\u00f3 del lloc web \u2013 http:\/\/www.tuereselcambio.es del qual \u00e9s titular GEMMA ANFRONS BALAT (d&#8217;ara endavant, EL PROPIETARI DE LA WEB). La navegaci\u00f3 pel lloc web del...\" \/>\n<meta property=\"og:url\" content=\"https:\/\/tuereselcambio.es\/ca\/avis-legal\/\" \/>\n<meta property=\"og:site_name\" content=\"Tu eres el cambio\" \/>\n<meta property=\"article:publisher\" content=\"https:\/\/www.facebook.com\/ganfrons\/\" \/>\n<meta property=\"article:modified_time\" content=\"2019-12-02T15:16:13+00:00\" \/>\n<meta property=\"og:image\" content=\"https:\/\/tuereselcambio.es\/wp-content\/uploads\/2019\/10\/logo-1.png\" \/>\n\t<meta property=\"og:image:width\" content=\"338\" \/>\n\t<meta property=\"og:image:height\" content=\"86\" \/>\n\t<meta property=\"og:image:type\" content=\"image\/png\" \/>\n<meta name=\"twitter:card\" content=\"summary_large_image\" \/>\n<meta name=\"twitter:label1\" content=\"Temps estimat de lectura\" \/>\n\t<meta name=\"twitter:data1\" content=\"8 minuts\" \/>\n<script type=\"application\/ld+json\" class=\"yoast-schema-graph\">{\"@context\":\"https:\\\/\\\/schema.org\",\"@graph\":[{\"@type\":\"WebPage\",\"@id\":\"https:\\\/\\\/tuereselcambio.es\\\/ca\\\/avis-legal\\\/\",\"url\":\"https:\\\/\\\/tuereselcambio.es\\\/ca\\\/avis-legal\\\/\",\"name\":\"Av\u00eds legal - Tu eres el cambio\",\"isPartOf\":{\"@id\":\"https:\\\/\\\/tuereselcambio.es\\\/#website\"},\"datePublished\":\"2019-10-16T12:09:28+00:00\",\"dateModified\":\"2019-12-02T15:16:13+00:00\",\"breadcrumb\":{\"@id\":\"https:\\\/\\\/tuereselcambio.es\\\/ca\\\/avis-legal\\\/#breadcrumb\"},\"inLanguage\":\"ca\",\"potentialAction\":[{\"@type\":\"ReadAction\",\"target\":[\"https:\\\/\\\/tuereselcambio.es\\\/ca\\\/avis-legal\\\/\"]}]},{\"@type\":\"BreadcrumbList\",\"@id\":\"https:\\\/\\\/tuereselcambio.es\\\/ca\\\/avis-legal\\\/#breadcrumb\",\"itemListElement\":[{\"@type\":\"ListItem\",\"position\":1,\"name\":\"Portada\",\"item\":\"https:\\\/\\\/tuereselcambio.es\\\/ca\\\/\"},{\"@type\":\"ListItem\",\"position\":2,\"name\":\"Av\u00eds legal\"}]},{\"@type\":\"WebSite\",\"@id\":\"https:\\\/\\\/tuereselcambio.es\\\/#website\",\"url\":\"https:\\\/\\\/tuereselcambio.es\\\/\",\"name\":\"Gemma Anfrons - Tu eres el cambio\",\"description\":\"Gemma Anfrons - Tu eres el cambio\",\"publisher\":{\"@id\":\"https:\\\/\\\/tuereselcambio.es\\\/#organization\"},\"potentialAction\":[{\"@type\":\"SearchAction\",\"target\":{\"@type\":\"EntryPoint\",\"urlTemplate\":\"https:\\\/\\\/tuereselcambio.es\\\/?s={search_term_string}\"},\"query-input\":{\"@type\":\"PropertyValueSpecification\",\"valueRequired\":true,\"valueName\":\"search_term_string\"}}],\"inLanguage\":\"ca\"},{\"@type\":\"Organization\",\"@id\":\"https:\\\/\\\/tuereselcambio.es\\\/#organization\",\"name\":\"Gemma Anfrons - Tu eres el cambio\",\"url\":\"https:\\\/\\\/tuereselcambio.es\\\/\",\"logo\":{\"@type\":\"ImageObject\",\"inLanguage\":\"ca\",\"@id\":\"https:\\\/\\\/tuereselcambio.es\\\/#\\\/schema\\\/logo\\\/image\\\/\",\"url\":\"http:\\\/\\\/tuereselcambio.es\\\/wp-content\\\/uploads\\\/2019\\\/10\\\/logo-1.png\",\"contentUrl\":\"http:\\\/\\\/tuereselcambio.es\\\/wp-content\\\/uploads\\\/2019\\\/10\\\/logo-1.png\",\"width\":338,\"height\":86,\"caption\":\"Gemma Anfrons - Tu eres el cambio\"},\"image\":{\"@id\":\"https:\\\/\\\/tuereselcambio.es\\\/#\\\/schema\\\/logo\\\/image\\\/\"},\"sameAs\":[\"https:\\\/\\\/www.facebook.com\\\/ganfrons\\\/\",\"https:\\\/\\\/www.instagram.com\\\/gemma_anfrons\\\/\"]}]}<\/script>\n<!-- \/ Yoast SEO plugin. -->","yoast_head_json":{"title":"Av\u00eds legal - Tu eres el cambio","robots":{"index":"index","follow":"follow","max-snippet":"max-snippet:-1","max-image-preview":"max-image-preview:large","max-video-preview":"max-video-preview:-1"},"canonical":"https:\/\/tuereselcambio.es\/ca\/avis-legal\/","og_locale":"ca_ES","og_type":"article","og_title":"Av\u00eds legal - Tu eres el cambio","og_description":"[vc_row css_animation=&#8221;&#8221; row_type=&#8221;row&#8221; use_row_as_full_screen_section=&#8221;no&#8221; type=&#8221;grid&#8221; angled_section=&#8221;no&#8221; text_align=&#8221;left&#8221; background_image_as_pattern=&#8221;without_pattern&#8221; z_index=&#8221;&#8221; padding_top=&#8221;50&#8243; padding_bottom=&#8221;50&#8243;][vc_column][vc_column_text] OBJECTE El present av\u00eds legal regula l&#8217;\u00fas i utilitzaci\u00f3 del lloc web \u2013 http:\/\/www.tuereselcambio.es del qual \u00e9s titular GEMMA ANFRONS BALAT (d&#8217;ara endavant, EL PROPIETARI DE LA WEB). La navegaci\u00f3 pel lloc web del...","og_url":"https:\/\/tuereselcambio.es\/ca\/avis-legal\/","og_site_name":"Tu eres el cambio","article_publisher":"https:\/\/www.facebook.com\/ganfrons\/","article_modified_time":"2019-12-02T15:16:13+00:00","og_image":[{"width":338,"height":86,"url":"https:\/\/tuereselcambio.es\/wp-content\/uploads\/2019\/10\/logo-1.png","type":"image\/png"}],"twitter_card":"summary_large_image","twitter_misc":{"Temps estimat de lectura":"8 minuts"},"schema":{"@context":"https:\/\/schema.org","@graph":[{"@type":"WebPage","@id":"https:\/\/tuereselcambio.es\/ca\/avis-legal\/","url":"https:\/\/tuereselcambio.es\/ca\/avis-legal\/","name":"Av\u00eds legal - Tu eres el cambio","isPartOf":{"@id":"https:\/\/tuereselcambio.es\/#website"},"datePublished":"2019-10-16T12:09:28+00:00","dateModified":"2019-12-02T15:16:13+00:00","breadcrumb":{"@id":"https:\/\/tuereselcambio.es\/ca\/avis-legal\/#breadcrumb"},"inLanguage":"ca","potentialAction":[{"@type":"ReadAction","target":["https:\/\/tuereselcambio.es\/ca\/avis-legal\/"]}]},{"@type":"BreadcrumbList","@id":"https:\/\/tuereselcambio.es\/ca\/avis-legal\/#breadcrumb","itemListElement":[{"@type":"ListItem","position":1,"name":"Portada","item":"https:\/\/tuereselcambio.es\/ca\/"},{"@type":"ListItem","position":2,"name":"Av\u00eds legal"}]},{"@type":"WebSite","@id":"https:\/\/tuereselcambio.es\/#website","url":"https:\/\/tuereselcambio.es\/","name":"Gemma Anfrons - Tu eres el cambio","description":"Gemma Anfrons - Tu eres el cambio","publisher":{"@id":"https:\/\/tuereselcambio.es\/#organization"},"potentialAction":[{"@type":"SearchAction","target":{"@type":"EntryPoint","urlTemplate":"https:\/\/tuereselcambio.es\/?s={search_term_string}"},"query-input":{"@type":"PropertyValueSpecification","valueRequired":true,"valueName":"search_term_string"}}],"inLanguage":"ca"},{"@type":"Organization","@id":"https:\/\/tuereselcambio.es\/#organization","name":"Gemma Anfrons - Tu eres el cambio","url":"https:\/\/tuereselcambio.es\/","logo":{"@type":"ImageObject","inLanguage":"ca","@id":"https:\/\/tuereselcambio.es\/#\/schema\/logo\/image\/","url":"https:\/\/tuereselcambio.es\/wp-content\/uploads\/2019\/10\/logo-1.png","contentUrl":"https:\/\/tuereselcambio.es\/wp-content\/uploads\/2019\/10\/logo-1.png","width":338,"height":86,"caption":"Gemma Anfrons - Tu eres el cambio"},"image":{"@id":"https:\/\/tuereselcambio.es\/#\/schema\/logo\/image\/"},"sameAs":["https:\/\/www.facebook.com\/ganfrons\/","https:\/\/www.instagram.com\/gemma_anfrons\/"]}]}},"_links":{"self":[{"href":"https:\/\/tuereselcambio.es\/ca\/wp-json\/wp\/v2\/pages\/16962","targetHints":{"allow":["GET"]}}],"collection":[{"href":"https:\/\/tuereselcambio.es\/ca\/wp-json\/wp\/v2\/pages"}],"about":[{"href":"https:\/\/tuereselcambio.es\/ca\/wp-json\/wp\/v2\/types\/page"}],"author":[{"embeddable":true,"href":"https:\/\/tuereselcambio.es\/ca\/wp-json\/wp\/v2\/users\/1"}],"replies":[{"embeddable":true,"href":"https:\/\/tuereselcambio.es\/ca\/wp-json\/wp\/v2\/comments?post=16962"}],"version-history":[{"count":1,"href":"https:\/\/tuereselcambio.es\/ca\/wp-json\/wp\/v2\/pages\/16962\/revisions"}],"predecessor-version":[{"id":16964,"href":"https:\/\/tuereselcambio.es\/ca\/wp-json\/wp\/v2\/pages\/16962\/revisions\/16964"}],"wp:attachment":[{"href":"https:\/\/tuereselcambio.es\/ca\/wp-json\/wp\/v2\/media?parent=16962"}],"curies":[{"name":"wp","href":"https:\/\/api.w.org\/{rel}","templated":true}]}}