{"id":16963,"date":"2019-10-16T14:16:57","date_gmt":"2019-10-16T12:16:57","guid":{"rendered":"https:\/\/tuereselcambio.es\/politica-de-cookies\/"},"modified":"2019-12-02T16:19:29","modified_gmt":"2019-12-02T15:19:29","slug":"politica-de-cookies","status":"publish","type":"page","link":"https:\/\/tuereselcambio.es\/ca\/politica-de-cookies\/","title":{"rendered":"Pol\u00edtica de cookies"},"content":{"rendered":"<div class=\"wpb-content-wrapper\"><p>[vc_row css_animation=&#8221;&#8221; row_type=&#8221;row&#8221; use_row_as_full_screen_section=&#8221;no&#8221; type=&#8221;grid&#8221; angled_section=&#8221;no&#8221; text_align=&#8221;left&#8221; background_image_as_pattern=&#8221;without_pattern&#8221; z_index=&#8221;&#8221; padding_top=&#8221;50&#8243; padding_bottom=&#8221;50&#8243;][vc_column][vc_column_text]<\/p>\n<div class=\"twelve columns mb45\">\n<div class=\"gdl-page-content\">\n<h4><strong>Qu\u00e8 s\u00f3n les cookies?<\/strong><\/h4>\n<p>Una cookie \u00e9s un fitxer que es descarrega en el seu ordinador en accedir a determinades p\u00e0gines web. Les cookies permeten a una p\u00e0gina web, entre altres coses, emmagatzemar i recuperar informaci\u00f3 sobre h\u00e0bits de navegaci\u00f3 d&#8217;un usuari o del seu equip i, depenent de la informaci\u00f3 que continguin i de la forma que utilitzi el seu equip, poden utilitzar-se per a recon\u00e8ixer a l&#8217;usuari.<\/p>\n<p>&nbsp;<\/p>\n<h4><strong>Per a qu\u00e8 s&#8217;utilitzen les cookies i quins solen ser les seves finalitats?<\/strong><\/h4>\n<ul>\n<li>Cookies d&#8217;an\u00e0lisis: s\u00f3n aquelles cookies que b\u00e9, tractades per nosaltres o per tercers, ens permeten quantificar el nombre d&#8217;usuaris i aix\u00ed realitzar el mesurament i an\u00e0lisi estad\u00edstica de la utilitzaci\u00f3 que fan els usuaris del servei. Per a aix\u00f2 s&#8217;analitza la seva navegaci\u00f3 en la nostra p\u00e0gina web amb la finalitat de millorar l&#8217;experi\u00e8ncia de l&#8217;usuari.<\/li>\n<li>Cookies t\u00e8cniques: S\u00f3n aquelles que permeten a l&#8217;usuari la navegaci\u00f3 a trav\u00e9s de la p\u00e0gina web o aplicaci\u00f3 i la utilitzaci\u00f3 de les diferents opcions o serveis que en ella existeixen. Per exemple, controlar el tr\u00e0nsit i la comunicaci\u00f3 de dades, identificar la sessi\u00f3, accedir a les parts web d&#8217;acc\u00e9s restringit, recordar els elements que integren una comanda, realitzar la sol\u00b7licitud d&#8217;inscripci\u00f3 o participaci\u00f3 en un esdeveniment, utilitzar elements de seguretat durant la navegaci\u00f3 i emmagatzemar continguts per a la difusi\u00f3 de v\u00eddeos o so.<\/li>\n<\/ul>\n<p>&nbsp;<\/p>\n<ul>\n<li>Cookies sobre personalitzaci\u00f3: S\u00f3n aquelles que permeten a l&#8217;usuari accedir al servei amb algunes caracter\u00edstiques de car\u00e0cter general predefinides en la seva terminal o que el propi usuari defineixi. Per exemple, l&#8217;idioma, el tipus de navegador a trav\u00e9s del qual accedeix al servei, el disseny de continguts seleccionat, geolocalitzaci\u00f3 del terminal i la configuraci\u00f3 regional des d&#8217;on s&#8217;accedeix al servei.<\/li>\n<\/ul>\n<p>&nbsp;<\/p>\n<ul>\n<li>Cookies sobre prefer\u00e8ncies: Aquestes cookies permeten que els nostres llocs web recordin informaci\u00f3 que canvia l&#8217;aspecte o el comportament del lloc com, per exemple, el teu idioma preferit o la regi\u00f3 en la qual et trobes. Per exemple, en recordar la teva regi\u00f3, un lloc web pot proporcionar-te not\u00edcies sobre el tr\u00e0nsit o butlletins meteorol\u00f2gics locals. Aquestes cookies tamb\u00e9 et permeten canviar la grand\u00e0ria del text, la font i altres parts de les p\u00e0gines web que pots personalitzar.<\/li>\n<\/ul>\n<p>&nbsp;<\/p>\n<ul>\n<li>Cookies publicit\u00e0ries: S\u00f3n aquelles que permeten la gesti\u00f3 efica\u00e7 dels espais publicitaris que s&#8217;han incl\u00f2s en la p\u00e0gina web o aplicaci\u00f3 des de la qual es presta el servei. Permeten adequar el contingut de la publicitat perqu\u00e8 aquesta sigui rellevant per a l&#8217;usuari i per a evitar mostrar anuncis que l&#8217;usuari ja hagi vist.<\/li>\n<\/ul>\n<p>&nbsp;<\/p>\n<h4><strong>El detall de les cookies utilitzades, entre altres, en aquesta p\u00e0gina web \u00e9s el seg\u00fcent:<\/strong><\/h4>\n<\/div>\n<p>&nbsp;<\/p>\n<p>&nbsp;<\/p>\n<table style=\"height: 423px;\" width=\"1088\">\n<tbody>\n<tr>\n<td width=\"85\"><strong>Cookies<\/strong><\/td>\n<td width=\"47\"><strong>Nombre<\/strong><\/td>\n<td width=\"31\"><strong>Tipo<\/strong><\/td>\n<td width=\"156\"><strong>Prop\u00f3sito<\/strong><\/td>\n<td width=\"133\"><strong>M\u00e1s informaci\u00f3n<\/strong><\/td>\n<\/tr>\n<tr>\n<td width=\"85\">_CONSENT _NID _1P_JAR _SID _SIDCC<\/td>\n<td width=\"47\">Google Analytics<\/td>\n<td width=\"31\">De terceros<\/td>\n<td width=\"156\">Recoger informaci\u00f3n sobre la navegaci\u00f3n de los usuarios por el sitio con el fin de conocer el origen de las visitas y otros datos similares a nivel estad\u00edstico. No obtiene datos de los nombres o apellidos de los usuarios ni de la direcci\u00f3n postal concreta desde donde se conectan.<\/td>\n<td width=\"133\">Google Analytics Centro de privacidad de Google:<\/p>\n<p><a href=\"http:\/\/www.google.com\/intl\/es\/policies\/privacy\/\">http:\/\/www.google.com\/intl\/es\/policies\/privacy\/<\/a><\/p>\n<p>&nbsp;<\/td>\n<\/tr>\n<tr>\n<td width=\"85\">DV<\/td>\n<td width=\"47\">Google<\/td>\n<td width=\"31\">De terceros<\/td>\n<td width=\"156\">Es utilizada por Google para proveer servicios y extraer informaci\u00f3n an\u00f3nima sobre la navegaci\u00f3n.<\/td>\n<td width=\"133\">Pol\u00edtica de cookies:<\/p>\n<p><a href=\"https:\/\/policies.google.com\/technologies\/types?hl=es\">https:\/\/policies.google.com\/technologies\/types?hl=es<\/a><\/td>\n<\/tr>\n<tr>\n<td width=\"85\">Cookie_notice_accepted<\/p>\n<p>&nbsp;<\/td>\n<td width=\"47\">Tuereselcambio<\/td>\n<td width=\"31\">Propias<\/td>\n<td width=\"156\">Gestionar la aceptaci\u00f3n de cookies del usuario y decidir si mostrar la barra de info. cookies o no.<\/td>\n<td width=\"133\"><\/td>\n<\/tr>\n<\/tbody>\n<\/table>\n<p>&nbsp;<\/p>\n<div class=\"gdl-page-content\">\n<p>Nota: Las cookies de tipo \u2018Propias\u2019 son utilizadas s\u00f3lo por el propietario de esta web y las cookies \u2018De terceros\u2019 son utilizadas, por el prestador del servicio que est\u00e1 detallado en el cuadro anterior.<\/p>\n<p>&nbsp;<\/p>\n<h4><strong>\u00bfC\u00f3mo puedo desactivar o eliminar estas cookies?<\/strong><\/h4>\n<p>Puede usted permitir, bloquear o eliminar las cookies instaladas en su equipo mediante la configuraci\u00f3n de las opciones del navegador instalado en su ordenador:<\/p>\n<p>&nbsp;<\/p>\n<p>Firefox: <a href=\"http:\/\/support.mozilla.org\/es\/kb\/habilitar-y-deshabilitar-cookies-que-los-sitios-we\">http:\/\/support.mozilla.org\/es\/kb\/habilitar-y-deshabilitar-cookies-que-los-sitios-we<\/a><\/p>\n<p>&nbsp;<\/p>\n<p>Chrome: <a href=\"http:\/\/support.google.com\/chrome\/bin\/answer.py?hl=es&amp;answer=95647\">http:\/\/support.google.com\/chrome\/bin\/answer.py?hl=es&amp;answer=95647<\/a><\/p>\n<p>&nbsp;<\/p>\n<ol>\n<li><strong>a) Para Android: <\/strong><a href=\"https:\/\/support.google.com\/chrome\/answer\/2392971?hl=es\">https:\/\/support.google.com\/chrome\/answer\/2392971?hl=es<\/a><\/li>\n<\/ol>\n<p>&nbsp;<\/p>\n<p>Explorer: <a href=\"http:\/\/windows.microsoft.com\/es-es\/windows7\/how-to-manage-cookies-in-internet-explorer-9\">http:\/\/windows.microsoft.com\/es-es\/windows7\/how-to-manage-cookies-in-internet-explorer-9<\/a><\/p>\n<p>&nbsp;<\/p>\n<p><strong>Safari: <\/strong><a href=\"http:\/\/support.apple.com\/kb\/ph5042\">http:\/\/support.apple.com\/kb\/ph5042<\/a><\/p>\n<ol>\n<li><strong>a) Para iOS (iPhone y iPad)<\/strong><\/li>\n<\/ol>\n<p><a href=\"https:\/\/help.opera.com\/en\/latest\/security-and-privacy\/\">https:\/\/help.opera.com\/en\/latest\/security-and-privacy\/<\/a><\/p>\n<p><a href=\"https:\/\/support.google.com\/chrome\/answer\/95647?hl=es&amp;co=GENIE.Platform%3DiOS&amp;oco=1\">https:\/\/support.google.com\/chrome\/answer\/95647?hl=es&amp;co=GENIE.Platform%3DiOS&amp;oco=1<\/a><\/p>\n<p><strong>Opera: <\/strong><a href=\"https:\/\/www.opera.com\/es\/terms\">https:\/\/www.opera.com\/es\/terms<\/a><\/p>\n<p><a href=\"https:\/\/support.norton.com\/sp\/es\/es\/home\/current\/solutions\/v57840314_NortonM_Retail_1_es_mx\">https:\/\/support.norton.com\/sp\/es\/es\/home\/current\/solutions\/v57840314_NortonM_Retail_1_es_mx<\/a><\/p>\n<p><a href=\"http:\/\/www.allaboutcookies.org\/es\/administrar-las-cookies\/opera.html\">http:\/\/www.allaboutcookies.org\/es\/administrar-las-cookies\/opera.html<\/a><\/p>\n<p>&nbsp;<\/p>\n<h4><strong>Otros navegadores<\/strong><\/h4>\n<p>Consulte la documentaci\u00f3n del navegador que tenga instalado.<\/p>\n<p>&nbsp;<\/p>\n<h4><strong>Complemento de inhabilitaci\u00f3n para navegadores de Google Analytics<\/strong><\/h4>\n<p>Si desea rechazar las cookies anal\u00edticas de Google Analytics en todos los navegadores, de forma que no se env\u00ede informaci\u00f3n suya a Google Analytics, puede descargar un complemento que realiza esta funci\u00f3n desde este enlace: <a href=\"https:\/\/tools.google.com\/dlpage\/gaoptout\">https:\/\/tools.google.com\/dlpage\/gaoptout<\/a><\/p>\n<p>&nbsp;<\/p>\n<h4><strong>Actualizaciones de la pol\u00edtica de cookies<\/strong><\/h4>\n<p>Esta p\u00e1gina web puede modificar esta Pol\u00edtica de Cookies, con el fin de estar adecuadamente informado sobre el uso que hacemos de las cookies, le recomendamos revisar esta cada vez que acceda a nuestra p\u00e1gina web.<\/p>\n<\/div>\n<\/div>\n<p>[\/vc_column_text][\/vc_column][\/vc_row][vc_row css_animation=&#8221;&#8221; row_type=&#8221;row&#8221; use_row_as_full_screen_section=&#8221;no&#8221; type=&#8221;grid&#8221; angled_section=&#8221;no&#8221; text_align=&#8221;left&#8221; background_image_as_pattern=&#8221;without_pattern&#8221; background_color=&#8221;#dd3333&#8243; z_index=&#8221;&#8221; el_class=&#8221;call-to-action-degradat&#8221;][vc_column][vc_row_inner row_type=&#8221;row&#8221; type=&#8221;full_width&#8221; text_align=&#8221;center&#8221; css_animation=&#8221;&#8221; padding=&#8221;5&#8243;][vc_column_inner width=&#8221;3\/4&#8243;][vc_separator type=&#8221;transparent&#8221; up=&#8221;46&#8243; down=&#8221;0&#8243;][vc_column_text]<\/p>\n<h4><span style=\"color: #ffffff;\">\u00bfNecesitas asesoramiento personalizado?<\/span><\/h4>\n<p>[\/vc_column_text][\/vc_column_inner][vc_column_inner width=&#8221;1\/4&#8243;][vc_separator type=&#8221;transparent&#8221; up=&#8221;38&#8243; down=&#8221;0&#8243;]<a  itemprop=\"url\" href=\"\/contacto\" target=\"_self\" data-hover-background-color=\"#f9f9f9\" data-hover-border-color=\"#f9f9f9\" data-hover-color=\"#000000\" class=\"qbutton  default\" style=\"color: #000000; border-color: #ffffff; background-color:#ffffff;\">CONTACTA CONMIGO<\/a>[vc_separator type=&#8221;transparent&#8221; up=&#8221;42&#8243; down=&#8221;0&#8243;][\/vc_column_inner][\/vc_row_inner][\/vc_column][\/vc_row]<\/p>\n<\/div>","protected":false},"excerpt":{"rendered":"<p>[vc_row css_animation=&#8221;&#8221; row_type=&#8221;row&#8221; use_row_as_full_screen_section=&#8221;no&#8221; type=&#8221;grid&#8221; angled_section=&#8221;no&#8221; text_align=&#8221;left&#8221; background_image_as_pattern=&#8221;without_pattern&#8221; z_index=&#8221;&#8221; padding_top=&#8221;50&#8243; padding_bottom=&#8221;50&#8243;][vc_column][vc_column_text] Qu\u00e8 s\u00f3n les cookies? Una cookie \u00e9s un fitxer que es descarrega en el seu ordinador en accedir a determinades p\u00e0gines web. Les cookies permeten a una p\u00e0gina web, entre altres coses, emmagatzemar i&#8230;<\/p>\n","protected":false},"author":1,"featured_media":0,"parent":0,"menu_order":0,"comment_status":"open","ping_status":"open","template":"full_width.php","meta":{"_monsterinsights_skip_tracking":false,"_monsterinsights_sitenote_active":false,"_monsterinsights_sitenote_note":"","_monsterinsights_sitenote_category":0,"_uf_show_specific_survey":0,"_uf_disable_surveys":false,"_joinchat":[],"footnotes":""},"class_list":["post-16963","page","type-page","status-publish","hentry"],"yoast_head":"<!-- This site is optimized with the Yoast SEO plugin v27.4 - https:\/\/yoast.com\/product\/yoast-seo-wordpress\/ -->\n<title>Pol\u00edtica de cookies - Tu eres el cambio<\/title>\n<meta name=\"robots\" content=\"index, follow, max-snippet:-1, max-image-preview:large, max-video-preview:-1\" \/>\n<link rel=\"canonical\" href=\"https:\/\/tuereselcambio.es\/ca\/politica-de-cookies\/\" \/>\n<meta property=\"og:locale\" content=\"ca_ES\" \/>\n<meta property=\"og:type\" content=\"article\" \/>\n<meta property=\"og:title\" content=\"Pol\u00edtica de cookies - Tu eres el cambio\" \/>\n<meta property=\"og:description\" content=\"[vc_row css_animation=&#8221;&#8221; row_type=&#8221;row&#8221; use_row_as_full_screen_section=&#8221;no&#8221; type=&#8221;grid&#8221; angled_section=&#8221;no&#8221; text_align=&#8221;left&#8221; background_image_as_pattern=&#8221;without_pattern&#8221; z_index=&#8221;&#8221; padding_top=&#8221;50&#8243; padding_bottom=&#8221;50&#8243;][vc_column][vc_column_text] Qu\u00e8 s\u00f3n les cookies? Una cookie \u00e9s un fitxer que es descarrega en el seu ordinador en accedir a determinades p\u00e0gines web. Les cookies permeten a una p\u00e0gina web, entre altres coses, emmagatzemar i...\" \/>\n<meta property=\"og:url\" content=\"https:\/\/tuereselcambio.es\/ca\/politica-de-cookies\/\" \/>\n<meta property=\"og:site_name\" content=\"Tu eres el cambio\" \/>\n<meta property=\"article:publisher\" content=\"https:\/\/www.facebook.com\/ganfrons\/\" \/>\n<meta property=\"article:modified_time\" content=\"2019-12-02T15:19:29+00:00\" \/>\n<meta property=\"og:image\" content=\"https:\/\/tuereselcambio.es\/wp-content\/uploads\/2019\/10\/logo-1.png\" \/>\n\t<meta property=\"og:image:width\" content=\"338\" \/>\n\t<meta property=\"og:image:height\" content=\"86\" \/>\n\t<meta property=\"og:image:type\" content=\"image\/png\" \/>\n<meta name=\"twitter:card\" content=\"summary_large_image\" \/>\n<meta name=\"twitter:label1\" content=\"Temps estimat de lectura\" \/>\n\t<meta name=\"twitter:data1\" content=\"5 minuts\" \/>\n<script type=\"application\/ld+json\" class=\"yoast-schema-graph\">{\"@context\":\"https:\\\/\\\/schema.org\",\"@graph\":[{\"@type\":\"WebPage\",\"@id\":\"https:\\\/\\\/tuereselcambio.es\\\/ca\\\/politica-de-cookies\\\/\",\"url\":\"https:\\\/\\\/tuereselcambio.es\\\/ca\\\/politica-de-cookies\\\/\",\"name\":\"Pol\u00edtica de cookies - Tu eres el cambio\",\"isPartOf\":{\"@id\":\"https:\\\/\\\/tuereselcambio.es\\\/#website\"},\"datePublished\":\"2019-10-16T12:16:57+00:00\",\"dateModified\":\"2019-12-02T15:19:29+00:00\",\"breadcrumb\":{\"@id\":\"https:\\\/\\\/tuereselcambio.es\\\/ca\\\/politica-de-cookies\\\/#breadcrumb\"},\"inLanguage\":\"ca\",\"potentialAction\":[{\"@type\":\"ReadAction\",\"target\":[\"https:\\\/\\\/tuereselcambio.es\\\/ca\\\/politica-de-cookies\\\/\"]}]},{\"@type\":\"BreadcrumbList\",\"@id\":\"https:\\\/\\\/tuereselcambio.es\\\/ca\\\/politica-de-cookies\\\/#breadcrumb\",\"itemListElement\":[{\"@type\":\"ListItem\",\"position\":1,\"name\":\"Portada\",\"item\":\"https:\\\/\\\/tuereselcambio.es\\\/ca\\\/\"},{\"@type\":\"ListItem\",\"position\":2,\"name\":\"Pol\u00edtica de cookies\"}]},{\"@type\":\"WebSite\",\"@id\":\"https:\\\/\\\/tuereselcambio.es\\\/#website\",\"url\":\"https:\\\/\\\/tuereselcambio.es\\\/\",\"name\":\"Gemma Anfrons - Tu eres el cambio\",\"description\":\"Gemma Anfrons - Tu eres el cambio\",\"publisher\":{\"@id\":\"https:\\\/\\\/tuereselcambio.es\\\/#organization\"},\"potentialAction\":[{\"@type\":\"SearchAction\",\"target\":{\"@type\":\"EntryPoint\",\"urlTemplate\":\"https:\\\/\\\/tuereselcambio.es\\\/?s={search_term_string}\"},\"query-input\":{\"@type\":\"PropertyValueSpecification\",\"valueRequired\":true,\"valueName\":\"search_term_string\"}}],\"inLanguage\":\"ca\"},{\"@type\":\"Organization\",\"@id\":\"https:\\\/\\\/tuereselcambio.es\\\/#organization\",\"name\":\"Gemma Anfrons - Tu eres el cambio\",\"url\":\"https:\\\/\\\/tuereselcambio.es\\\/\",\"logo\":{\"@type\":\"ImageObject\",\"inLanguage\":\"ca\",\"@id\":\"https:\\\/\\\/tuereselcambio.es\\\/#\\\/schema\\\/logo\\\/image\\\/\",\"url\":\"http:\\\/\\\/tuereselcambio.es\\\/wp-content\\\/uploads\\\/2019\\\/10\\\/logo-1.png\",\"contentUrl\":\"http:\\\/\\\/tuereselcambio.es\\\/wp-content\\\/uploads\\\/2019\\\/10\\\/logo-1.png\",\"width\":338,\"height\":86,\"caption\":\"Gemma Anfrons - Tu eres el cambio\"},\"image\":{\"@id\":\"https:\\\/\\\/tuereselcambio.es\\\/#\\\/schema\\\/logo\\\/image\\\/\"},\"sameAs\":[\"https:\\\/\\\/www.facebook.com\\\/ganfrons\\\/\",\"https:\\\/\\\/www.instagram.com\\\/gemma_anfrons\\\/\"]}]}<\/script>\n<!-- \/ Yoast SEO plugin. -->","yoast_head_json":{"title":"Pol\u00edtica de cookies - Tu eres el cambio","robots":{"index":"index","follow":"follow","max-snippet":"max-snippet:-1","max-image-preview":"max-image-preview:large","max-video-preview":"max-video-preview:-1"},"canonical":"https:\/\/tuereselcambio.es\/ca\/politica-de-cookies\/","og_locale":"ca_ES","og_type":"article","og_title":"Pol\u00edtica de cookies - Tu eres el cambio","og_description":"[vc_row css_animation=&#8221;&#8221; row_type=&#8221;row&#8221; use_row_as_full_screen_section=&#8221;no&#8221; type=&#8221;grid&#8221; angled_section=&#8221;no&#8221; text_align=&#8221;left&#8221; background_image_as_pattern=&#8221;without_pattern&#8221; z_index=&#8221;&#8221; padding_top=&#8221;50&#8243; padding_bottom=&#8221;50&#8243;][vc_column][vc_column_text] Qu\u00e8 s\u00f3n les cookies? Una cookie \u00e9s un fitxer que es descarrega en el seu ordinador en accedir a determinades p\u00e0gines web. Les cookies permeten a una p\u00e0gina web, entre altres coses, emmagatzemar i...","og_url":"https:\/\/tuereselcambio.es\/ca\/politica-de-cookies\/","og_site_name":"Tu eres el cambio","article_publisher":"https:\/\/www.facebook.com\/ganfrons\/","article_modified_time":"2019-12-02T15:19:29+00:00","og_image":[{"width":338,"height":86,"url":"https:\/\/tuereselcambio.es\/wp-content\/uploads\/2019\/10\/logo-1.png","type":"image\/png"}],"twitter_card":"summary_large_image","twitter_misc":{"Temps estimat de lectura":"5 minuts"},"schema":{"@context":"https:\/\/schema.org","@graph":[{"@type":"WebPage","@id":"https:\/\/tuereselcambio.es\/ca\/politica-de-cookies\/","url":"https:\/\/tuereselcambio.es\/ca\/politica-de-cookies\/","name":"Pol\u00edtica de cookies - Tu eres el cambio","isPartOf":{"@id":"https:\/\/tuereselcambio.es\/#website"},"datePublished":"2019-10-16T12:16:57+00:00","dateModified":"2019-12-02T15:19:29+00:00","breadcrumb":{"@id":"https:\/\/tuereselcambio.es\/ca\/politica-de-cookies\/#breadcrumb"},"inLanguage":"ca","potentialAction":[{"@type":"ReadAction","target":["https:\/\/tuereselcambio.es\/ca\/politica-de-cookies\/"]}]},{"@type":"BreadcrumbList","@id":"https:\/\/tuereselcambio.es\/ca\/politica-de-cookies\/#breadcrumb","itemListElement":[{"@type":"ListItem","position":1,"name":"Portada","item":"https:\/\/tuereselcambio.es\/ca\/"},{"@type":"ListItem","position":2,"name":"Pol\u00edtica de cookies"}]},{"@type":"WebSite","@id":"https:\/\/tuereselcambio.es\/#website","url":"https:\/\/tuereselcambio.es\/","name":"Gemma Anfrons - Tu eres el cambio","description":"Gemma Anfrons - Tu eres el cambio","publisher":{"@id":"https:\/\/tuereselcambio.es\/#organization"},"potentialAction":[{"@type":"SearchAction","target":{"@type":"EntryPoint","urlTemplate":"https:\/\/tuereselcambio.es\/?s={search_term_string}"},"query-input":{"@type":"PropertyValueSpecification","valueRequired":true,"valueName":"search_term_string"}}],"inLanguage":"ca"},{"@type":"Organization","@id":"https:\/\/tuereselcambio.es\/#organization","name":"Gemma Anfrons - Tu eres el cambio","url":"https:\/\/tuereselcambio.es\/","logo":{"@type":"ImageObject","inLanguage":"ca","@id":"https:\/\/tuereselcambio.es\/#\/schema\/logo\/image\/","url":"https:\/\/tuereselcambio.es\/wp-content\/uploads\/2019\/10\/logo-1.png","contentUrl":"https:\/\/tuereselcambio.es\/wp-content\/uploads\/2019\/10\/logo-1.png","width":338,"height":86,"caption":"Gemma Anfrons - Tu eres el cambio"},"image":{"@id":"https:\/\/tuereselcambio.es\/#\/schema\/logo\/image\/"},"sameAs":["https:\/\/www.facebook.com\/ganfrons\/","https:\/\/www.instagram.com\/gemma_anfrons\/"]}]}},"_links":{"self":[{"href":"https:\/\/tuereselcambio.es\/ca\/wp-json\/wp\/v2\/pages\/16963","targetHints":{"allow":["GET"]}}],"collection":[{"href":"https:\/\/tuereselcambio.es\/ca\/wp-json\/wp\/v2\/pages"}],"about":[{"href":"https:\/\/tuereselcambio.es\/ca\/wp-json\/wp\/v2\/types\/page"}],"author":[{"embeddable":true,"href":"https:\/\/tuereselcambio.es\/ca\/wp-json\/wp\/v2\/users\/1"}],"replies":[{"embeddable":true,"href":"https:\/\/tuereselcambio.es\/ca\/wp-json\/wp\/v2\/comments?post=16963"}],"version-history":[{"count":2,"href":"https:\/\/tuereselcambio.es\/ca\/wp-json\/wp\/v2\/pages\/16963\/revisions"}],"predecessor-version":[{"id":16966,"href":"https:\/\/tuereselcambio.es\/ca\/wp-json\/wp\/v2\/pages\/16963\/revisions\/16966"}],"wp:attachment":[{"href":"https:\/\/tuereselcambio.es\/ca\/wp-json\/wp\/v2\/media?parent=16963"}],"curies":[{"name":"wp","href":"https:\/\/api.w.org\/{rel}","templated":true}]}}