{"id":17517,"date":"2026-01-12T13:28:10","date_gmt":"2026-01-12T12:28:10","guid":{"rendered":"https:\/\/tuereselcambio.es\/?page_id=17517"},"modified":"2026-01-12T13:58:18","modified_gmt":"2026-01-12T12:58:18","slug":"labundancia-de-ser","status":"publish","type":"page","link":"https:\/\/tuereselcambio.es\/ca\/labundancia-de-ser\/","title":{"rendered":"L&#8217;abundancia de Ser"},"content":{"rendered":"<div class=\"wpb-content-wrapper\"><p>[vc_row css_animation=&#8221;&#8221; row_type=&#8221;row&#8221; use_row_as_full_screen_section=&#8221;no&#8221; type=&#8221;grid&#8221; angled_section=&#8221;no&#8221; text_align=&#8221;left&#8221; background_image_as_pattern=&#8221;without_pattern&#8221; padding_top=&#8221;75&#8243; padding_bottom=&#8221;0&#8243; anchor=&#8221;portfolio&#8221; background_color=&#8221;#ffffff&#8221; border_color=&#8221;#eeeeee&#8221; z_index=&#8221;&#8221; css=&#8221;.vc_custom_1738768121983{padding-bottom: 80px !important;}&#8221;][vc_column][vc_row_inner row_type=&#8221;row&#8221; type=&#8221;full_width&#8221; text_align=&#8221;left&#8221; css_animation=&#8221;&#8221; padding_bottom=&#8221;20&#8243;][vc_column_inner width=&#8221;1\/2&#8243;][vc_column_text css=&#8221;&#8221;]<\/p>\n<h1>L&#8217;ABUNDANCIA DE SER<\/h1>\n<p>[\/vc_column_text][vc_separator type=&#8221;transparent&#8221; up=&#8221;12&#8243; down=&#8221;0&#8243;][vc_column_text css=&#8221;&#8221;]<\/p>\n<h3>\u00bfSents que et falta alguna cosa&#8230; o moltes?<\/h3>\n<p>[\/vc_column_text][vc_separator type=&#8221;transparent&#8221; up=&#8221;12&#8243; down=&#8221;0&#8243;][vc_column_text css=&#8221;.vc_custom_1768222482024{padding-bottom: 20px !important;}&#8221;]<\/p>\n<p class=\"p1\"><strong>Quan descobreixes que ets abundancia, comences a tenir oportunitats per viure la vida d&#8217;una altra manera.<\/strong><\/p>\n<p>[\/vc_column_text][vc_column_text css=&#8221;.vc_custom_1768220518534{padding-bottom: 20px !important;}&#8221;]<\/p>\n<p class=\"p1\"><strong>SER \u2013 FER \u2013 TENIR<\/strong>, aquest \u00e9s l&#8217;ordre adient. Lamentablement moltes persones volen <strong>Tenir<\/strong> (m\u00e9s oportunitats, m\u00e9s diners, una parella, millor estat de salut\u2026), o es centren en <strong>Fer i Fer<\/strong> per arribar a resultats que amb prou feines arriben, oblidant-se de <strong>Ser<\/strong>, que \u00e9s el que ens permet Fer i Tenir des de l&#8217;abund\u00e0ncia.<\/p>\n<p>[\/vc_column_text][vc_column_text css=&#8221;.vc_custom_1768220547330{padding-bottom: 20px !important;}&#8221;]<\/p>\n<p class=\"p1\">I t\u00fa, <strong>saps qui ets?<\/strong> Si els resultats que tens a la teva vida, no s\u00f3n els que desitges, t&#8217;ensenyem a entendre perqu\u00e8 i t&#8217;acompanyem, de manera pr\u00e0ctica, perqu\u00e8 puguis canviar aquesta situaci\u00f3.<\/p>\n<p>[\/vc_column_text][vc_column_text css=&#8221;.vc_custom_1768220610282{padding-bottom: 20px !important;}&#8221;]<\/p>\n<p class=\"p1\">Vine a descobrir-ho amb nosaltres. <strong>Et convidem a l&#8217;esdeveniment &#8220;L&#8217;ABUND\u00c0NCIA DE SER&#8221;<\/strong>, on compartirem amb tu el cam\u00ed per iniciar aquest autodescobriment. Ha arribat el moment de <strong>Recon\u00e8ixer-te.<\/strong><\/p>\n<p>[\/vc_column_text][vc_column_text css=&#8221;.vc_custom_1768222504955{padding-bottom: 20px !important;}&#8221;]<\/p>\n<p class=\"p1\">Recorda que tot comen\u00e7a en t\u00fa, perqu\u00e8,<strong> T\u00da ETS EL CANVI<\/strong><\/p>\n<p>[\/vc_column_text][vc_column_text css=&#8221;.vc_custom_1739293530749{padding-bottom: 20px !important;}&#8221;]<\/p>\n<h3>Junts anirem de la por a l&#8217;AMOR.<\/h3>\n<p>[\/vc_column_text][vc_separator type=&#8221;normal&#8221; color=&#8221;#BFBFBF&#8221; down=&#8221;15px&#8221;]<div class=\"q_icon_list\"><i class=\"qode_icon_font_awesome fa fa-calendar qode-ili-icon-holder transparent\" style=\"font-size: 26px;color: #14A6C4;\" ><\/i><p style=\"font-size: 36px;font-weight: 700;\">30 de Gener<\/p><\/div><div class=\"q_icon_list\"><i class=\"qode_icon_font_awesome fa fa-location-arrow qode-ili-icon-holder transparent\" style=\"font-size: 26px;color: #14A6C4;\" ><\/i><p style=\"font-size: 36px;font-weight: 700;\">A les 19:00<\/p><\/div>[vc_separator type=&#8221;normal&#8221; color=&#8221;#BFBFBF&#8221; up=&#8221;10px&#8221; down=&#8221;10px&#8221;]<a  itemprop=\"url\" href=\"https:\/\/chat.whatsapp.com\/J6raET1lqTVGMIaMEq21ZZ\" target=\"_blank\" data-hover-background-color=\"#f9f9f9\" data-hover-border-color=\"#f9f9f9\" data-hover-color=\"#FFFFFF\" class=\"qbutton  large enlarge bto-registrar-se\" style=\"color: #FFFFFF; border-color: #ffffff; background-color:#1E73BE;\">ENREGISTRA`T<i class=\"qode_icon_font_awesome fa fa-arrow-right qode_button_icon_element\"><\/i><\/a>[vc_empty_space][\/vc_column_inner][vc_column_inner width=&#8221;1\/2&#8243;][vc_single_image image=&#8221;17520&#8243; img_size=&#8221;full&#8221; css=&#8221;&#8221; qode_css_animation=&#8221;&#8221;][\/vc_column_inner][\/vc_row_inner][\/vc_column][\/vc_row][vc_row css_animation=&#8221;&#8221; row_type=&#8221;row&#8221; use_row_as_full_screen_section=&#8221;yes&#8221; type=&#8221;grid&#8221; angled_section=&#8221;no&#8221; text_align=&#8221;left&#8221; background_image_as_pattern=&#8221;without_pattern&#8221; background_color=&#8221;#dd3333&#8243; z_index=&#8221;&#8221; css=&#8221;.vc_custom_1738769996975{padding-top: 80px !important;padding-bottom: 80px !important;background-color: #F9F9F9 !important;}&#8221;][vc_column][vc_row_inner row_type=&#8221;row&#8221; type=&#8221;full_width&#8221; text_align=&#8221;left&#8221; css_animation=&#8221;&#8221; css=&#8221;.vc_custom_1738769887188{background-color: #F9F9F9 !important;}&#8221;][vc_column_inner][vc_column_text css=&#8221;&#8221;]<\/p>\n<h3 style=\"text-align: center;\">T&#8217;esperem amb els bra\u00e7os oberts<\/h3>\n<p>[\/vc_column_text][vc_separator type=&#8221;transparent&#8221; up=&#8221;12&#8243; down=&#8221;12&#8243;][\/vc_column_inner][\/vc_row_inner][\/vc_column][\/vc_row][vc_row css_animation=&#8221;&#8221; row_type=&#8221;row&#8221; use_row_as_full_screen_section=&#8221;no&#8221; type=&#8221;grid&#8221; angled_section=&#8221;no&#8221; text_align=&#8221;left&#8221; background_image_as_pattern=&#8221;without_pattern&#8221; background_color=&#8221;#dd3333&#8243; z_index=&#8221;&#8221; el_class=&#8221;call-to-action-degradat&#8221;][vc_column][vc_row_inner row_type=&#8221;row&#8221; type=&#8221;full_width&#8221; text_align=&#8221;center&#8221; css_animation=&#8221;&#8221; padding=&#8221;5&#8243;][vc_column_inner width=&#8221;3\/4&#8243;][vc_separator type=&#8221;transparent&#8221; up=&#8221;46&#8243; down=&#8221;0&#8243;][vc_column_text css=&#8221;&#8221;]<\/p>\n<h4><span style=\"color: #ffffff;\">Necessites assessorament personalitzat?<\/span><\/h4>\n<p>[\/vc_column_text][\/vc_column_inner][vc_column_inner width=&#8221;1\/4&#8243;][vc_separator type=&#8221;transparent&#8221; up=&#8221;38&#8243; down=&#8221;0&#8243;]<a  itemprop=\"url\" href=\"\/ca\/contacte\/\" target=\"_self\" data-hover-background-color=\"#f9f9f9\" data-hover-border-color=\"#f9f9f9\" data-hover-color=\"#000000\" class=\"qbutton  default\" style=\"color: #000000; border-color: #ffffff; background-color:#ffffff;\">CONTACTA AMB MI<\/a>[vc_separator type=&#8221;transparent&#8221; up=&#8221;42&#8243; down=&#8221;0&#8243;][\/vc_column_inner][\/vc_row_inner][\/vc_column][\/vc_row]<\/p>\n<\/div>","protected":false},"excerpt":{"rendered":"<p>[vc_row css_animation=&#8221;&#8221; row_type=&#8221;row&#8221; use_row_as_full_screen_section=&#8221;no&#8221; type=&#8221;grid&#8221; angled_section=&#8221;no&#8221; text_align=&#8221;left&#8221; background_image_as_pattern=&#8221;without_pattern&#8221; padding_top=&#8221;75&#8243; padding_bottom=&#8221;0&#8243; anchor=&#8221;portfolio&#8221; background_color=&#8221;#ffffff&#8221; border_color=&#8221;#eeeeee&#8221; z_index=&#8221;&#8221; css=&#8221;.vc_custom_1738768121983{padding-bottom: 80px !important;}&#8221;][vc_column][vc_row_inner row_type=&#8221;row&#8221; type=&#8221;full_width&#8221; text_align=&#8221;left&#8221; css_animation=&#8221;&#8221; padding_bottom=&#8221;20&#8243;][vc_column_inner width=&#8221;1\/2&#8243;][vc_column_text css=&#8221;&#8221;] L&#8217;ABUNDANCIA DE SER [\/vc_column_text][vc_separator type=&#8221;transparent&#8221; up=&#8221;12&#8243; down=&#8221;0&#8243;][vc_column_text css=&#8221;&#8221;] \u00bfSents que et falta alguna cosa&#8230; o moltes? [\/vc_column_text][vc_separator type=&#8221;transparent&#8221; up=&#8221;12&#8243; down=&#8221;0&#8243;][vc_column_text css=&#8221;.vc_custom_1768222482024{padding-bottom:&#8230;<\/p>\n","protected":false},"author":2,"featured_media":0,"parent":0,"menu_order":0,"comment_status":"open","ping_status":"open","template":"full_width.php","meta":{"_monsterinsights_skip_tracking":false,"_monsterinsights_sitenote_active":false,"_monsterinsights_sitenote_note":"","_monsterinsights_sitenote_category":0,"_uf_show_specific_survey":0,"_uf_disable_surveys":false,"_joinchat":[],"footnotes":""},"class_list":["post-17517","page","type-page","status-publish","hentry"],"yoast_head":"<!-- This site is optimized with the Yoast SEO plugin v27.4 - https:\/\/yoast.com\/product\/yoast-seo-wordpress\/ -->\n<title>L&#039;abundancia de Ser - Tu eres el cambio<\/title>\n<meta name=\"robots\" content=\"index, follow, max-snippet:-1, max-image-preview:large, max-video-preview:-1\" \/>\n<link rel=\"canonical\" href=\"https:\/\/tuereselcambio.es\/ca\/labundancia-de-ser\/\" \/>\n<meta property=\"og:locale\" content=\"ca_ES\" \/>\n<meta property=\"og:type\" content=\"article\" \/>\n<meta property=\"og:title\" content=\"L&#039;abundancia de Ser - Tu eres el cambio\" \/>\n<meta property=\"og:description\" content=\"[vc_row css_animation=&#8221;&#8221; row_type=&#8221;row&#8221; use_row_as_full_screen_section=&#8221;no&#8221; type=&#8221;grid&#8221; angled_section=&#8221;no&#8221; text_align=&#8221;left&#8221; background_image_as_pattern=&#8221;without_pattern&#8221; padding_top=&#8221;75&#8243; padding_bottom=&#8221;0&#8243; anchor=&#8221;portfolio&#8221; background_color=&#8221;#ffffff&#8221; border_color=&#8221;#eeeeee&#8221; z_index=&#8221;&#8221; css=&#8221;.vc_custom_1738768121983{padding-bottom: 80px !important;}&#8221;][vc_column][vc_row_inner row_type=&#8221;row&#8221; type=&#8221;full_width&#8221; text_align=&#8221;left&#8221; css_animation=&#8221;&#8221; padding_bottom=&#8221;20&#8243;][vc_column_inner width=&#8221;1\/2&#8243;][vc_column_text css=&#8221;&#8221;] L&#8217;ABUNDANCIA DE SER [\/vc_column_text][vc_separator type=&#8221;transparent&#8221; up=&#8221;12&#8243; down=&#8221;0&#8243;][vc_column_text css=&#8221;&#8221;] \u00bfSents que et falta alguna cosa&#8230; o moltes? [\/vc_column_text][vc_separator type=&#8221;transparent&#8221; up=&#8221;12&#8243; down=&#8221;0&#8243;][vc_column_text css=&#8221;.vc_custom_1768222482024{padding-bottom:...\" \/>\n<meta property=\"og:url\" content=\"https:\/\/tuereselcambio.es\/ca\/labundancia-de-ser\/\" \/>\n<meta property=\"og:site_name\" content=\"Tu eres el cambio\" \/>\n<meta property=\"article:publisher\" content=\"https:\/\/www.facebook.com\/ganfrons\/\" \/>\n<meta property=\"article:modified_time\" content=\"2026-01-12T12:58:18+00:00\" \/>\n<meta property=\"og:image\" content=\"https:\/\/tuereselcambio.es\/wp-content\/uploads\/2019\/10\/logo-1.png\" \/>\n\t<meta property=\"og:image:width\" content=\"338\" \/>\n\t<meta property=\"og:image:height\" content=\"86\" \/>\n\t<meta property=\"og:image:type\" content=\"image\/png\" \/>\n<meta name=\"twitter:card\" content=\"summary_large_image\" \/>\n<meta name=\"twitter:label1\" content=\"Temps estimat de lectura\" \/>\n\t<meta name=\"twitter:data1\" content=\"2 minuts\" \/>\n<script type=\"application\/ld+json\" class=\"yoast-schema-graph\">{\"@context\":\"https:\\\/\\\/schema.org\",\"@graph\":[{\"@type\":\"WebPage\",\"@id\":\"https:\\\/\\\/tuereselcambio.es\\\/ca\\\/labundancia-de-ser\\\/\",\"url\":\"https:\\\/\\\/tuereselcambio.es\\\/ca\\\/labundancia-de-ser\\\/\",\"name\":\"L'abundancia de Ser - Tu eres el cambio\",\"isPartOf\":{\"@id\":\"https:\\\/\\\/tuereselcambio.es\\\/#website\"},\"datePublished\":\"2026-01-12T12:28:10+00:00\",\"dateModified\":\"2026-01-12T12:58:18+00:00\",\"breadcrumb\":{\"@id\":\"https:\\\/\\\/tuereselcambio.es\\\/ca\\\/labundancia-de-ser\\\/#breadcrumb\"},\"inLanguage\":\"ca\",\"potentialAction\":[{\"@type\":\"ReadAction\",\"target\":[\"https:\\\/\\\/tuereselcambio.es\\\/ca\\\/labundancia-de-ser\\\/\"]}]},{\"@type\":\"BreadcrumbList\",\"@id\":\"https:\\\/\\\/tuereselcambio.es\\\/ca\\\/labundancia-de-ser\\\/#breadcrumb\",\"itemListElement\":[{\"@type\":\"ListItem\",\"position\":1,\"name\":\"Portada\",\"item\":\"https:\\\/\\\/tuereselcambio.es\\\/ca\\\/\"},{\"@type\":\"ListItem\",\"position\":2,\"name\":\"L&#8217;abundancia de Ser\"}]},{\"@type\":\"WebSite\",\"@id\":\"https:\\\/\\\/tuereselcambio.es\\\/#website\",\"url\":\"https:\\\/\\\/tuereselcambio.es\\\/\",\"name\":\"Gemma Anfrons - Tu eres el cambio\",\"description\":\"Gemma Anfrons - Tu eres el cambio\",\"publisher\":{\"@id\":\"https:\\\/\\\/tuereselcambio.es\\\/#organization\"},\"potentialAction\":[{\"@type\":\"SearchAction\",\"target\":{\"@type\":\"EntryPoint\",\"urlTemplate\":\"https:\\\/\\\/tuereselcambio.es\\\/?s={search_term_string}\"},\"query-input\":{\"@type\":\"PropertyValueSpecification\",\"valueRequired\":true,\"valueName\":\"search_term_string\"}}],\"inLanguage\":\"ca\"},{\"@type\":\"Organization\",\"@id\":\"https:\\\/\\\/tuereselcambio.es\\\/#organization\",\"name\":\"Gemma Anfrons - Tu eres el cambio\",\"url\":\"https:\\\/\\\/tuereselcambio.es\\\/\",\"logo\":{\"@type\":\"ImageObject\",\"inLanguage\":\"ca\",\"@id\":\"https:\\\/\\\/tuereselcambio.es\\\/#\\\/schema\\\/logo\\\/image\\\/\",\"url\":\"http:\\\/\\\/tuereselcambio.es\\\/wp-content\\\/uploads\\\/2019\\\/10\\\/logo-1.png\",\"contentUrl\":\"http:\\\/\\\/tuereselcambio.es\\\/wp-content\\\/uploads\\\/2019\\\/10\\\/logo-1.png\",\"width\":338,\"height\":86,\"caption\":\"Gemma Anfrons - Tu eres el cambio\"},\"image\":{\"@id\":\"https:\\\/\\\/tuereselcambio.es\\\/#\\\/schema\\\/logo\\\/image\\\/\"},\"sameAs\":[\"https:\\\/\\\/www.facebook.com\\\/ganfrons\\\/\",\"https:\\\/\\\/www.instagram.com\\\/gemma_anfrons\\\/\"]}]}<\/script>\n<!-- \/ Yoast SEO plugin. -->","yoast_head_json":{"title":"L'abundancia de Ser - Tu eres el cambio","robots":{"index":"index","follow":"follow","max-snippet":"max-snippet:-1","max-image-preview":"max-image-preview:large","max-video-preview":"max-video-preview:-1"},"canonical":"https:\/\/tuereselcambio.es\/ca\/labundancia-de-ser\/","og_locale":"ca_ES","og_type":"article","og_title":"L'abundancia de Ser - Tu eres el cambio","og_description":"[vc_row css_animation=&#8221;&#8221; row_type=&#8221;row&#8221; use_row_as_full_screen_section=&#8221;no&#8221; type=&#8221;grid&#8221; angled_section=&#8221;no&#8221; text_align=&#8221;left&#8221; background_image_as_pattern=&#8221;without_pattern&#8221; padding_top=&#8221;75&#8243; padding_bottom=&#8221;0&#8243; anchor=&#8221;portfolio&#8221; background_color=&#8221;#ffffff&#8221; border_color=&#8221;#eeeeee&#8221; z_index=&#8221;&#8221; css=&#8221;.vc_custom_1738768121983{padding-bottom: 80px !important;}&#8221;][vc_column][vc_row_inner row_type=&#8221;row&#8221; type=&#8221;full_width&#8221; text_align=&#8221;left&#8221; css_animation=&#8221;&#8221; padding_bottom=&#8221;20&#8243;][vc_column_inner width=&#8221;1\/2&#8243;][vc_column_text css=&#8221;&#8221;] L&#8217;ABUNDANCIA DE SER [\/vc_column_text][vc_separator type=&#8221;transparent&#8221; up=&#8221;12&#8243; down=&#8221;0&#8243;][vc_column_text css=&#8221;&#8221;] \u00bfSents que et falta alguna cosa&#8230; o moltes? [\/vc_column_text][vc_separator type=&#8221;transparent&#8221; up=&#8221;12&#8243; down=&#8221;0&#8243;][vc_column_text css=&#8221;.vc_custom_1768222482024{padding-bottom:...","og_url":"https:\/\/tuereselcambio.es\/ca\/labundancia-de-ser\/","og_site_name":"Tu eres el cambio","article_publisher":"https:\/\/www.facebook.com\/ganfrons\/","article_modified_time":"2026-01-12T12:58:18+00:00","og_image":[{"width":338,"height":86,"url":"https:\/\/tuereselcambio.es\/wp-content\/uploads\/2019\/10\/logo-1.png","type":"image\/png"}],"twitter_card":"summary_large_image","twitter_misc":{"Temps estimat de lectura":"2 minuts"},"schema":{"@context":"https:\/\/schema.org","@graph":[{"@type":"WebPage","@id":"https:\/\/tuereselcambio.es\/ca\/labundancia-de-ser\/","url":"https:\/\/tuereselcambio.es\/ca\/labundancia-de-ser\/","name":"L'abundancia de Ser - Tu eres el cambio","isPartOf":{"@id":"https:\/\/tuereselcambio.es\/#website"},"datePublished":"2026-01-12T12:28:10+00:00","dateModified":"2026-01-12T12:58:18+00:00","breadcrumb":{"@id":"https:\/\/tuereselcambio.es\/ca\/labundancia-de-ser\/#breadcrumb"},"inLanguage":"ca","potentialAction":[{"@type":"ReadAction","target":["https:\/\/tuereselcambio.es\/ca\/labundancia-de-ser\/"]}]},{"@type":"BreadcrumbList","@id":"https:\/\/tuereselcambio.es\/ca\/labundancia-de-ser\/#breadcrumb","itemListElement":[{"@type":"ListItem","position":1,"name":"Portada","item":"https:\/\/tuereselcambio.es\/ca\/"},{"@type":"ListItem","position":2,"name":"L&#8217;abundancia de Ser"}]},{"@type":"WebSite","@id":"https:\/\/tuereselcambio.es\/#website","url":"https:\/\/tuereselcambio.es\/","name":"Gemma Anfrons - Tu eres el cambio","description":"Gemma Anfrons - Tu eres el cambio","publisher":{"@id":"https:\/\/tuereselcambio.es\/#organization"},"potentialAction":[{"@type":"SearchAction","target":{"@type":"EntryPoint","urlTemplate":"https:\/\/tuereselcambio.es\/?s={search_term_string}"},"query-input":{"@type":"PropertyValueSpecification","valueRequired":true,"valueName":"search_term_string"}}],"inLanguage":"ca"},{"@type":"Organization","@id":"https:\/\/tuereselcambio.es\/#organization","name":"Gemma Anfrons - Tu eres el cambio","url":"https:\/\/tuereselcambio.es\/","logo":{"@type":"ImageObject","inLanguage":"ca","@id":"https:\/\/tuereselcambio.es\/#\/schema\/logo\/image\/","url":"https:\/\/tuereselcambio.es\/wp-content\/uploads\/2019\/10\/logo-1.png","contentUrl":"https:\/\/tuereselcambio.es\/wp-content\/uploads\/2019\/10\/logo-1.png","width":338,"height":86,"caption":"Gemma Anfrons - Tu eres el cambio"},"image":{"@id":"https:\/\/tuereselcambio.es\/#\/schema\/logo\/image\/"},"sameAs":["https:\/\/www.facebook.com\/ganfrons\/","https:\/\/www.instagram.com\/gemma_anfrons\/"]}]}},"_links":{"self":[{"href":"https:\/\/tuereselcambio.es\/ca\/wp-json\/wp\/v2\/pages\/17517","targetHints":{"allow":["GET"]}}],"collection":[{"href":"https:\/\/tuereselcambio.es\/ca\/wp-json\/wp\/v2\/pages"}],"about":[{"href":"https:\/\/tuereselcambio.es\/ca\/wp-json\/wp\/v2\/types\/page"}],"author":[{"embeddable":true,"href":"https:\/\/tuereselcambio.es\/ca\/wp-json\/wp\/v2\/users\/2"}],"replies":[{"embeddable":true,"href":"https:\/\/tuereselcambio.es\/ca\/wp-json\/wp\/v2\/comments?post=17517"}],"version-history":[{"count":4,"href":"https:\/\/tuereselcambio.es\/ca\/wp-json\/wp\/v2\/pages\/17517\/revisions"}],"predecessor-version":[{"id":17532,"href":"https:\/\/tuereselcambio.es\/ca\/wp-json\/wp\/v2\/pages\/17517\/revisions\/17532"}],"wp:attachment":[{"href":"https:\/\/tuereselcambio.es\/ca\/wp-json\/wp\/v2\/media?parent=17517"}],"curies":[{"name":"wp","href":"https:\/\/api.w.org\/{rel}","templated":true}]}}